{"id":32,"date":"2026-04-06T14:49:25","date_gmt":"2026-04-06T14:49:25","guid":{"rendered":"https:\/\/farmasiasanches.wiseweb.pt\/?page_id=32"},"modified":"2026-04-06T14:51:38","modified_gmt":"2026-04-06T14:51:38","slug":"politica-de-cookies","status":"publish","type":"page","link":"https:\/\/farmasiasanches.wiseweb.pt\/en\/politica-de-cookies\/","title":{"rendered":"Pol\u00edtica de Cookies"},"content":{"rendered":"<div data-elementor-type=\"wp-page\" data-elementor-id=\"32\" class=\"elementor elementor-32\" data-elementor-post-type=\"page\">\n\t\t\t\t<div class=\"elementor-element elementor-element-35983d3 e-flex e-con-boxed e-con e-parent\" data-id=\"35983d3\" data-element_type=\"container\" data-e-type=\"container\">\n\t\t\t\t\t<div class=\"e-con-inner\">\n\t\t\t\t<div class=\"elementor-element elementor-element-5de0e885 elementor-widget elementor-widget-text-editor\" data-id=\"5de0e885\" data-element_type=\"widget\" data-e-type=\"widget\" data-widget_type=\"text-editor.default\">\n\t\t\t\t\t\t\t\t\t<p>\u00a0<\/p>\n<h3><strong>O que s\u00e3o Cookies?<\/strong><\/h3>\n<p>Os cookies s\u00e3o pequenos ficheiros de texto enviados para o seu computador ou dispositivo m\u00f3vel quando visita websites. Os cookies ajudam os websites a armazenar e recuperar informa\u00e7\u00e3o sobre os seus h\u00e1bitos de navega\u00e7\u00e3o por forma a personalizar a navega\u00e7\u00e3o de acordo com as suas prefer\u00eancias.<\/p>\n<p>\u00a0<\/p>\n<h3><strong>Que tipos de Cookies utiliza o nosso website?<\/strong><\/h3>\n<ul>\n<li><strong>Cookies de Sess\u00e3o:<\/strong> s\u00e3o Cookies tempor\u00e1rias que permanecem em arquivo de Cookies do navegador at\u00e9 que este abandone a p\u00e1gina web, pelo que n\u00e3o fica qualquer registo no disco r\u00edgido do utilizador. As informa\u00e7\u00f5es recolhidas por estes Cookies servem para analisar padr\u00f5es de tr\u00e1fego do site. Em \u00faltima an\u00e1lise, isso permite-nos melhorar o conte\u00fado e melhorar a usabilidade do site.<\/li>\n<\/ul>\n<p>\u00a0<\/p>\n<ul>\n<li><strong>Cookies de An\u00e1lise:<\/strong> s\u00e3o aqueles que bem tratados por n\u00f3s ou por terceiros, nos permitem quantificar o n\u00famero de utilizadores e realizar a medi\u00e7\u00e3o e an\u00e1lise estat\u00edstica de como os utilizadores usam o servi\u00e7o oferecido. Examinamos a sua navega\u00e7\u00e3o no nosso site, com o objetivo de melhorar o fornecimento de produtos ou servi\u00e7os que lhe disponibilizamos.<\/li>\n<\/ul>\n<p>\u00a0<\/p>\n<ul>\n<li><strong>Cookies Publicit\u00e1rias:<\/strong> s\u00e3o aqueles que bem tratadas por n\u00f3s ou por terceiros, nos permitem gerir de uma forma mais eficaz a oferta de espa\u00e7os publicit\u00e1rios que existem no site, podendo analisar os seus h\u00e1bitos de navega\u00e7\u00e3o e mostrar-lhe publicidade relacionada com o seu perfil de navega\u00e7\u00e3o.<\/li>\n<\/ul>\n<p>\u00a0<\/p>\n<h3><strong>Quais s\u00e3o os Cookies que utilizamos no nosso site?<\/strong><\/h3>\n<ul>\n<li>Cookies Pr\u00f3prias: utilizadas para a Reserva em loja para manter a loja selecionada pelo utilizador<\/li>\n<\/ul>\n<p>\u00a0<\/p>\n<ul>\n<li>Cookies de Sess\u00e3o:<\/li>\n<\/ul>\n<ul>\n<li style=\"list-style-type: none;\">\n<ul>\n<li>Associa\u00e7\u00e3o com carrinho de compras<\/li>\n<li>Armazenam a informa\u00e7\u00e3o de categoria para mostrar as p\u00e1ginas de forma mais r\u00e1pida<\/li>\n<li>Indicam se est\u00e1 atualmente logado no site<\/li>\n<li>Indicam os IDs de sess\u00e3o no servidor<\/li>\n<li>Guardam os \u00faltimos produtos visualizados<\/li>\n<li>Guardam informa\u00e7\u00f5es sobre pesquisas<\/li>\n<li>Indicam se o utilizador autoriza o uso de cookies<\/li>\n<\/ul>\n<\/li>\n<\/ul>\n<p>\u00a0<\/p>\n<ul>\n<li>Cookies de Terceiros:<\/li>\n<\/ul>\n<ul>\n<li style=\"list-style-type: none;\">\n<ul>\n<li>Utilizados para distinguir utilizadores e sess\u00f5es<\/li>\n<li>Utilizados para determinar novas visitas, sess\u00f5es<\/li>\n<li>Armazenam a fonte de tr\u00e1fego para explicar como o utilizador chega ao nosso site<\/li>\n<li>Utilizados para identificar utilizadores, prevenir usos fraudulentos e proteger dados de utilizadores de terceiros<\/li>\n<li>Utilizados para personalizar publicidade em redes de Publisher<\/li>\n<li>Utilizados para permitir ao site recordar prefer\u00eancias de navega\u00e7\u00e3o, idioma, regi\u00e3o<\/li>\n<\/ul>\n<\/li>\n<\/ul>\n<p>\u00a0<\/p>\n<ul>\n<li>Outros Cookies:<\/li>\n<\/ul>\n<ul>\n<li style=\"list-style-type: none;\">\n<ul>\n<li>Anal\u00edticas web e v\u00eddeos<\/li>\n<li>Utilizados para determinar que servidor mostra a informa\u00e7\u00e3o ao utilizador<\/li>\n<li>Utilizados para seguir as sess\u00f5es ativas<\/li>\n<li>Utilizados para determinar se os Cookies est\u00e3o ativos<\/li>\n<li>Utilizados para medir o tempo de resposta dos utilizadores<\/li>\n<li>Utilizados para identificar quantas vezes nos visitou um utilizador, que produtos comprou e a que pre\u00e7o comprou<\/li>\n<li>Permitir saber se \u00e9 a primeira visita ao site ou n\u00e3o<\/li>\n<\/ul>\n<\/li>\n<\/ul>\n<p>\u00a0<\/p>\n<h3><strong>O que implica n\u00e3o autorizar o uso de Cookies?<\/strong><\/h3>\n<p>Se preferir n\u00e3o permitir Cookies tem a possibilidade de desativar os Cookies no navegador de internet (browser) que utiliza, mas dever\u00e1 ter em conta que poder\u00e1 impedir que algumas p\u00e1ginas Web sejam apresentadas corretamente.<\/p>\t\t\t\t\t\t\t\t<\/div>\n\t\t\t\t\t<\/div>\n\t\t\t\t<\/div>\n\t\t\t\t<\/div>","protected":false},"excerpt":{"rendered":"<p>\u00a0 O que s\u00e3o Cookies? Os cookies s\u00e3o pequenos ficheiros de texto enviados para o seu computador ou dispositivo m\u00f3vel quando visita websites. Os cookies ajudam os websites a armazenar e recuperar informa\u00e7\u00e3o sobre os seus h\u00e1bitos de navega\u00e7\u00e3o por forma a personalizar a navega\u00e7\u00e3o de acordo com as suas prefer\u00eancias. \u00a0 Que tipos de [&hellip;]<\/p>\n","protected":false},"author":1,"featured_media":0,"parent":0,"menu_order":0,"comment_status":"closed","ping_status":"closed","template":"","meta":{"footnotes":""},"class_list":["post-32","page","type-page","status-publish","hentry"],"_links":{"self":[{"href":"https:\/\/farmasiasanches.wiseweb.pt\/en\/wp-json\/wp\/v2\/pages\/32","targetHints":{"allow":["GET"]}}],"collection":[{"href":"https:\/\/farmasiasanches.wiseweb.pt\/en\/wp-json\/wp\/v2\/pages"}],"about":[{"href":"https:\/\/farmasiasanches.wiseweb.pt\/en\/wp-json\/wp\/v2\/types\/page"}],"author":[{"embeddable":true,"href":"https:\/\/farmasiasanches.wiseweb.pt\/en\/wp-json\/wp\/v2\/users\/1"}],"replies":[{"embeddable":true,"href":"https:\/\/farmasiasanches.wiseweb.pt\/en\/wp-json\/wp\/v2\/comments?post=32"}],"version-history":[{"count":7,"href":"https:\/\/farmasiasanches.wiseweb.pt\/en\/wp-json\/wp\/v2\/pages\/32\/revisions"}],"predecessor-version":[{"id":39,"href":"https:\/\/farmasiasanches.wiseweb.pt\/en\/wp-json\/wp\/v2\/pages\/32\/revisions\/39"}],"wp:attachment":[{"href":"https:\/\/farmasiasanches.wiseweb.pt\/en\/wp-json\/wp\/v2\/media?parent=32"}],"curies":[{"name":"wp","href":"https:\/\/api.w.org\/{rel}","templated":true}]}}