{"id":3,"date":"2026-01-02T14:35:27","date_gmt":"2026-01-02T14:35:27","guid":{"rendered":"https:\/\/farmasiasanches.wiseweb.pt\/?page_id=3"},"modified":"2026-04-06T15:41:13","modified_gmt":"2026-04-06T15:41:13","slug":"politica-de-privacidade","status":"publish","type":"page","link":"https:\/\/farmasiasanches.wiseweb.pt\/en\/politica-de-privacidade\/","title":{"rendered":"Pol\u00edtica de Privacidade"},"content":{"rendered":"<div data-elementor-type=\"wp-page\" data-elementor-id=\"3\" class=\"elementor elementor-3\" data-elementor-post-type=\"page\">\n\t\t\t\t<div class=\"elementor-element elementor-element-35983d3 e-flex e-con-boxed e-con e-parent\" data-id=\"35983d3\" data-element_type=\"container\" data-e-type=\"container\">\n\t\t\t\t\t<div class=\"e-con-inner\">\n\t\t\t\t<div class=\"elementor-element elementor-element-5de0e885 elementor-widget elementor-widget-text-editor\" data-id=\"5de0e885\" data-element_type=\"widget\" data-e-type=\"widget\" data-widget_type=\"text-editor.default\">\n\t\t\t\t\t\t\t\t\t\n<h3 class=\"wp-block-heading\"><strong>Privacidade<\/strong><\/h3>\n<p>A prote\u00e7\u00e3o dos seus dados pessoais \u00e9 uma prioridade para a <strong>Maria Nat\u00e1lia Pereira Valinha, Lda.<\/strong>, pelo que, ao abrigo do Regulamento n.\u00ba 2016\/679 do Parlamento Europeu e do Conselho, de 27 de abril de 2016 (Regulamento Geral sobre a Prote\u00e7\u00e3o de Dados Pessoais), temos o prazer de comunicar a nossa Pol\u00edtica de Privacidade, que lhe dar\u00e1 a conhecer as novas regras aplic\u00e1veis ao tratamento dos seus dados pessoais, os direitos que lhe assistem, assim como inform\u00e1-lo da forma como pode gerir, diretamente e de forma simples, os respetivos consentimentos.<\/p>\n<p>Esta Pol\u00edtica de Privacidade aplica-se exclusivamente \u00e0 recolha e tratamento de dados pessoais efetuados pela <strong>Maria Nat\u00e1lia Pereira Valinha, Lda.<\/strong><\/p>\n<p>\u00a0<\/p>\n<h3><strong>Quem somos?<\/strong><\/h3>\n<p>Os seus dados ser\u00e3o tratados pela <strong>Maria Nat\u00e1lia Pereira Valinha, Lda.<\/strong>, sociedade por quotas com sede social em Av. Marqu\u00eas de Pombal, 420, Lote 7, 2410-152 Leiria, Portugal, matriculada sob o n\u00famero de identifica\u00e7\u00e3o fiscal 506812570,\u00a0(doravante designada por <strong>Farm\u00e1cia Sanches<\/strong>).<\/p>\n<p>A <strong>Farm\u00e1cia Sanches<\/strong> \u00e9 respons\u00e1vel pelo tratamento dos seus dados pessoais, na ace\u00e7\u00e3o do Regulamento Geral sobre a Prote\u00e7\u00e3o de Dados (doravante designado<strong>\u00a0RGPD<\/strong>).<\/p>\n<p>\u00a0<\/p>\n<h3><strong>O que s\u00e3o dados pessoais?<\/strong><\/h3>\n<p>S\u00e3o dados pessoais qualquer informa\u00e7\u00e3o, de qualquer natureza e independentemente do respetivo suporte, incluindo som e imagem, relativa a uma pessoa singular identificada ou identific\u00e1vel.<\/p>\n<p>Considera-se identific\u00e1vel a pessoa que possa ser identificada direta ou indiretamente, em especial por refer\u00eancia a um identificador, como por exemplo um nome, um n\u00famero de identifica\u00e7\u00e3o, dados de localiza\u00e7\u00e3o, identificadores por via eletr\u00f3nica ou a um ou mais elementos espec\u00edficos da identidade f\u00edsica, fisiol\u00f3gica, gen\u00e9tica, mental, econ\u00f4mica, cultural ou social dessa pessoa singular.<\/p>\n<p>\u00a0<\/p>\n<h3><strong>Que tipo de dados pessoais recolhemos?<\/strong><\/h3>\n<p>No \u00e2mbito da sua atividade, a <strong>Farm\u00e1cia Sanches<\/strong> proceder\u00e1 \u00e0 recolha e ao tratamento dos dados pessoais necess\u00e1rios ao processo de venda e entrega dos bens adquiridos pelo Cliente, designadamente o nome, morada, n\u00famero de telefone, endere\u00e7o de correio eletr\u00f3nico, dados de pagamento, endere\u00e7o de Internet Protocol (IP), n\u00famero de identifica\u00e7\u00e3o fiscal.<\/p>\n<p>\u00a0<\/p>\n<h3><strong>Por que tratamos a sua informa\u00e7\u00e3o?<\/strong><\/h3>\n<p>Os seus dados pessoais poder\u00e3o ser recolhidos e tratados pela <strong>Farm\u00e1cia Sanches<\/strong> para as seguintes finalidades:<\/p>\n<p>a)\u00a0\u00a0\u00a0\u00a0 cumprimento de obriga\u00e7\u00f5es legais a que a <strong>Farm\u00e1cia Sanches<\/strong> se encontra sujeita, nomeadamente fatura\u00e7\u00e3o dos bens adquiridos;<\/p>\n<p>b)\u00a0\u00a0\u00a0\u00a0 cumprimento de obriga\u00e7\u00f5es contratuais da <strong>Farm\u00e1cia Sanches<\/strong> nomeadamente para efeitos do processo log\u00edstico de entrega dos bens adquiridos;<\/p>\n<p>c)\u00a0\u00a0\u00a0\u00a0\u00a0 efeitos de gest\u00e3o de contactos e reclama\u00e7\u00f5es;<\/p>\n<p>d)\u00a0\u00a0\u00a0\u00a0 efeitos de contacto, no \u00e2mbito de estrat\u00e9gias de marketing da <strong>Farm\u00e1cia Sanches<\/strong>, com informa\u00e7\u00f5es e comunica\u00e7\u00f5es comerciais, nomeadamente atrav\u00e9s do envio de newsletters.<\/p>\n<p>O n\u00e3o fornecimento de dados pessoais para as finalidades previstas nas al\u00edneas a) e b) implica o incumprimento, por parte da <strong>Farm\u00e1cia Sanches<\/strong><strong>,<\/strong> de obriga\u00e7\u00f5es contratuais e legais que lhe s\u00e3o impostas, situa\u00e7\u00e3o essa que configura um fundamento para a n\u00e3o celebra\u00e7\u00e3o do contrato de compra e venda por parte da <strong>Farm\u00e1cia Sanches<\/strong><strong>,<\/strong> sem direito a qualquer indemniza\u00e7\u00e3o ou compensa\u00e7\u00e3o.<\/p>\n<p>A <strong>Farm\u00e1cia Sanches<\/strong> informar\u00e1 da natureza obrigat\u00f3ria dos dados.<\/p>\n<p>\u00a0<\/p>\n<h3><strong>Para que tratamos a sua informa\u00e7\u00e3o?<\/strong><\/h3>\n<p>O tratamento dos seus dados pessoais ser\u00e1 realizado com fundamento na execu\u00e7\u00e3o do contrato de compra e venda de produtos celebrado com a <strong>Farm\u00e1cia Sanches<\/strong><strong>,<\/strong> e no estrito cumprimento de obriga\u00e7\u00f5es legais impostas \u00e0 <strong>Farm\u00e1cia Sanches<\/strong><strong>,<\/strong> nomeadamente em mat\u00e9ria de legisla\u00e7\u00e3o fiscal (cfr. al\u00edneas b) e c) do n.\u00ba 1 do artigo 6.\u00ba do RGPD).<\/p>\n<p>Para a finalidade prevista na al\u00ednea c) do ponto anterior, a <strong>Farm\u00e1cia Sanches<\/strong> proceder\u00e1 ao tratamento de dados pessoais, fundamentada em interesse leg\u00edtimo por si prosseguido, bem como do Cliente (cfr. al\u00ednea f) do n.\u00ba 1 do artigo 6.\u00ba do RGPD).<\/p>\n<p>Adicionalmente, a licitude do tratamento dos dados pessoais recolhidos para a finalidade prevista na al\u00ednea d) do ponto anterior baseia-se no consentimento por si prestado \u00e0 <strong>Farm\u00e1cia Sanches<\/strong> para o respetivo tratamento (cfr. al\u00ednea a) do n.\u00ba 1 do artigo 6.\u00ba do RGPD).<\/p>\n<p>\u00a0<\/p>\n<h3><strong>Durante quanto tempo conservamos a sua informa\u00e7\u00e3o?<\/strong><\/h3>\n<p>Sem preju\u00edzo de disposi\u00e7\u00f5es legais, regulamentares ou determina\u00e7\u00e3o judicial em contr\u00e1rio, os dados pessoais recolhidos ser\u00e3o conservados apenas pelo per\u00edodo m\u00ednimo necess\u00e1rio \u00e0s finalidades que motivaram a sua recolha ou posterior tratamento.<\/p>\n<p>Os prazos de conserva\u00e7\u00e3o, mais relevantes, que definimos para as finalidades de utiliza\u00e7\u00e3o dos seus dados pessoais s\u00e3o os seguintes:<\/p>\n<p>i. Gest\u00e3o de transa\u00e7\u00f5es \u2013 prazo legal de 10 anos;<\/p>\n<p>ii. Gest\u00e3o de clientes em programas de fideliza\u00e7\u00e3o \u2013 3 anos<\/p>\n<p>iii. Marketing \u2013 2 anos (mais ano corrente) desde a \u00faltima intera\u00e7\u00e3o;<\/p>\n<p>iv. Gest\u00e3o de utilizadores de sites ou plataformas \u2013 1 ano (mais ano corrente) ap\u00f3s o \u00faltimo acesso;<\/p>\n<p>v. Entregas ao domic\u00edlio \u2013 2 anos;<\/p>\n<p>vi. Garantias e apoio p\u00f3s-venda \u2013 2 anos ou igual ao prazo de garantia caso este seja superior;<\/p>\n<p>vii. Registo e prova de transa\u00e7\u00f5es para contratos \u00e0 dist\u00e2ncia \u2013 6 meses ap\u00f3s o per\u00edodo de vig\u00eancia do contrato;<\/p>\n<p>viii. Gest\u00e3o de servi\u00e7os \u2013 2 anos desde o \u00faltimo servi\u00e7o.<\/p>\n<p>\u00a0<\/p>\n<h3><strong>Para quem poderemos transmitir os seus dados pessoais?<\/strong><\/h3>\n<p>Eventualmente, a <strong>Farm\u00e1cia Sanches<\/strong> poder\u00e1 ter de partilhar alguns dos seus dados pessoais com outros destinat\u00e1rios, nos quais se incluem:<\/p>\n<p>a)\u00a0\u00a0\u00a0\u00a0 Organiza\u00e7\u00f5es e\/ou empresas afiliadas \u00e0 <strong>Farm\u00e1cia Sanches<\/strong><strong>,<\/strong> desde que respeitem uma pol\u00edtica equivalente em mat\u00e9ria de prote\u00e7\u00e3o de dados pessoais;<\/p>\n<p>b)\u00a0\u00a0\u00a0\u00a0 Entidades P\u00fablicas \u00e0s quais a <strong>Farm\u00e1cia Sanches<\/strong> se encontra legalmente obrigada a prestar informa\u00e7\u00f5es, nomeadamente a DGCI \u2013 Dire\u00e7\u00e3o Geral de Impostos;<\/p>\n<p>c)\u00a0\u00a0\u00a0\u00a0\u00a0 Subcontratantes que prestam determinados servi\u00e7os relacionados com os seus dados pessoais sob a cobertura de um subcontrato e com o \u00fanico objetivo de prestarem assist\u00eancia t\u00e9cnica \u00e0 <strong>Farm\u00e1cia Sanches<\/strong><strong>,<\/strong> nos quais se incluem, mas n\u00e3o se limitam a fornecedores de alojamento de sites, fornecedores de servi\u00e7os de mail e de marketing;<\/p>\n<p>d)\u00a0\u00a0\u00a0\u00a0 As autoridades competentes \u00e0s quais a <strong>Farm\u00e1cia Sanches<\/strong><strong>,<\/strong> se encontra juridicamente obrigada a divulgar informa\u00e7\u00f5es no decurso de processos judiciais, ou a detetar problemas t\u00e9cnicos e\/ou de seguran\u00e7a, tais como Entidades judici\u00e1rias ou Autoridades de Controlo competentes.<\/p>\n<p>\u00a0<\/p>\n<h3><strong>Os seus dados s\u00e3o transferidos para Pa\u00edses fora da Uni\u00e3o Europeia?<\/strong><\/h3>\n<p>Os seus dados pessoais, recolhidos pela <strong>Farm\u00e1cia Sanches<\/strong><strong>,<\/strong> n\u00e3o ser\u00e3o, por regra, transferidos para qualquer entidade estabelecida fora do territ\u00f3rio da Uni\u00e3o Europeia.<\/p>\n<p>Excecionalmente e mediante determinadas condi\u00e7\u00f5es, a <strong>Farm\u00e1cia Sanches<\/strong> poder\u00e1 transferir os seus dados pessoais para pa\u00edses fora do territ\u00f3rio da Uni\u00e3o Europeia, de acordo com a legisla\u00e7\u00e3o aplic\u00e1vel, para as finalidades de alojamento de dados ou armazenamento, subcontrata\u00e7\u00e3o t\u00e9cnica de tratamento, back-up e recupera\u00e7\u00e3o de dados alojados, desenvolvimento de servi\u00e7os.<\/p>\n<p>A <strong>Farm\u00e1cia Sanches<\/strong> assegura que n\u00e3o transferir\u00e1 os seus dados pessoais para pa\u00edses que n\u00e3o garantam um n\u00edvel de prote\u00e7\u00e3o adequada, de acordo com o disposto no RGPD.<\/p>\n<p>\u00a0<\/p>\n<h3><strong>Quais s\u00e3o os seus direitos?<\/strong><\/h3>\n<p>Nos termos do disposto no RGPD, poder\u00e1 solicitar, a todo o tempo:<\/p>\n<p><strong>a) o acesso aos seus dados pessoais: <\/strong>tem o direito de obter a confirma\u00e7\u00e3o de que os dados pessoais que lhe digam respeito s\u00e3o ou n\u00e3o objeto de tratamento e, se for esse o caso, o direito de aceder aos seus dados pessoais e \u00e0s informa\u00e7\u00f5es previstas no RGPD.<\/p>\n<p><strong>b) a retifica\u00e7\u00e3o dos seus dados pessoais: <\/strong>tem o direito de obter da <strong>Farm\u00e1cia Sanches<\/strong><strong>,<\/strong> sem demora injustificada, a retifica\u00e7\u00e3o dos dados pessoais inexatos que lhe digam respeito.<\/p>\n<p><strong>c) o apagamento dos seus dados pessoais:\u00a0<\/strong>tem o direito de obter da <strong>Farm\u00e1cia Sanches<\/strong>, sem demora injustificada, o apagamento dos seus dados pessoais, devendo a <strong>Farm\u00e1cia Sanches<\/strong> apagar os seus dados pessoais, sem demora injustificada, quando se aplique, nomeadamente, um dos seguintes motivos:\u00a0<strong>1)<\/strong>os dados pessoais deixaram de ser necess\u00e1rios para a finalidade que motivou a sua recolha ou tratamento;\u00a0<strong>2)<\/strong>\u00a0o titular dos dados pessoais retira o consentimento em que se baseia o tratamento dos dados (quando o mesmo se baseie no consentimento) e se n\u00e3o existir outro fundamento jur\u00eddico para o referido tratamento;\u00a0<strong>3)<\/strong>\u00a0o titular dos dados op\u00f5e-se ao tratamento e n\u00e3o existem interesses leg\u00edtimos prevalecentes que justifiquem o tratamento;<\/p>\n<p><strong>d) a limita\u00e7\u00e3o do tratamento realizado:\u00a0<\/strong>tem o direito de obter da <strong>Farm\u00e1cia Sanches<\/strong> a limita\u00e7\u00e3o do tratamento, se se aplicar uma das seguintes situa\u00e7\u00f5es:\u00a0<strong>1)<\/strong>contestar a exatid\u00e3o dos dados pessoais, durante um per\u00edodo que permita \u00e0 <strong>Farm\u00e1cia Sanches<\/strong> verificar a sua exatid\u00e3o;\u00a0<strong>2)<\/strong>\u00a0o tratamento for il\u00edcito e o titular dos dados se opuser ao apagamento dos dados pessoais e solicitar, em contrapartida, a limita\u00e7\u00e3o da sua utiliza\u00e7\u00e3o;\u00a0<strong>3)<\/strong>\u00a0a <strong>Farm\u00e1cia Sanches<\/strong> j\u00e1 n\u00e3o precisar dos dados pessoais para fins de tratamento, mas esses dados sejam requeridos pelo titular para efeitos de declara\u00e7\u00e3o, exerc\u00edcio ou defesa de um direito num processo judicial;\u00a0<strong>4)<\/strong>\u00a0se se tiver oposto ao tratamento, at\u00e9 se verificar que os motivos leg\u00edtimos da <strong>Farm\u00e1cia Sanches<\/strong> prevalecem sobre os do titular dos dados.<\/p>\n<p><strong>e) o direito de se opor ao tratamento:\u00a0<\/strong>quando o tratamento for efetuado para efeito dos interesses leg\u00edtimos prosseguidos pela <strong>Farm\u00e1cia Sanches<\/strong><strong>,<\/strong> o titular dos dados tem o direito de se opor a qualquer momento, por motivos relacionados com a sua situa\u00e7\u00e3o particular, ao tratamento dos dados pessoais que lhe digam respeito. A <strong>Farm\u00e1cia Sanches<\/strong> cessar\u00e1 o tratamento dos dados pessoais, a n\u00e3o ser que apresente raz\u00f5es imperiosas e leg\u00edtimas para esse tratamento e que prevale\u00e7am sobre os interesses, direitos e liberdades do titular dos dados, ou para efeitos de declara\u00e7\u00e3o, exerc\u00edcio ou defesa de um direito num processo judicial.<\/p>\n<p><strong>f) o direito \u00e0 portabilidade dos dados:\u00a0<\/strong>nos termos e condi\u00e7\u00f5es definidas na lei, tem o direito de receber os dados pessoais que lhe digam respeito e que tenha fornecido \u00e0 <strong>Farm\u00e1cia Sanches<\/strong>, num formato estruturado, de uso corrente e de leitura autom\u00e1tica, e o direito de transmitir esses dados a outro respons\u00e1vel pelo tratamento sem que o respons\u00e1vel a quem os dados pessoais foram fornecidos o possa impedir, se:\u00a0<strong>1)<\/strong>O tratamento se basear no consentimento ou num contrato; e\u00a0<strong>2)<\/strong>\u00a0O tratamento for realizado por meios automatizados.<\/p>\n<p>Se os pedidos apresentados forem manifestamente infundados ou excessivos, nomeadamente devido ao seu car\u00e1cter repetitivo, a <strong>Farm\u00e1cia Sanches<\/strong> poder\u00e1 (i) exigir o pagamento de uma taxa razo\u00e1vel tendo em conta os custos administrativos do fornecimento das informa\u00e7\u00f5es ou comunica\u00e7\u00f5es, ou de tomada das medidas solicitadas, ou (ii) recusar dar seguimento ao seu pedido.<\/p>\n<p>Relativamente aos dados pessoais cujo tratamento pela <strong>Farm\u00e1cia Sanches<\/strong> se legitime no consentimento por si conferido, \u00e9-lhe conferido o direito de retirar o consentimento, sem que o exerc\u00edcio de tal direito possa comprometer a licitude do tratamento efetuado com base no consentimento previamente dado, nem o tratamento posterior dos mesmos dados, baseado noutra base legal, como \u00e9 o caso do cumprimento de obriga\u00e7\u00e3o contratual ou legal a que a <strong>Farm\u00e1cia Sanches<\/strong> esteja sujeita.<\/p>\n<p>Disp\u00f5e ainda do direito de apresentar reclama\u00e7\u00e3o junto da Comiss\u00e3o Nacional de Prote\u00e7\u00e3o de Dados.<\/p>\n<p>\u00a0<\/p>\n<h3><strong>Como pode opor-se \u00e0 rece\u00e7\u00e3o de contactos para fins de marketing?<\/strong><\/h3>\n<p>No \u00e2mbito do consentimento por si prestado, a <strong>Farm\u00e1cia Sanches<\/strong> poder\u00e1 promover, nomeadamente, a\u00e7\u00f5es de divulga\u00e7\u00e3o de novos produtos ou servi\u00e7os atrav\u00e9s de telefone, email, correio, SMS, MMS, ou qualquer outro servi\u00e7o de comunica\u00e7\u00f5es eletr\u00f3nicas.<\/p>\n<p>Caso n\u00e3o pretenda que os seus dados pessoais sejam tratados, poder\u00e1 opor-se, a qualquer momento, \u00e0 utiliza\u00e7\u00e3o dos mesmos para fins de marketing, envio de comunica\u00e7\u00f5es informativas ou inclus\u00e3o em listas ou servi\u00e7os informativos.<\/p>\n<p>Para o efeito, dever\u00e1 entrar em contacto com a <strong>Farm\u00e1cia Sanches<\/strong> para o seguinte endere\u00e7o de correio eletr\u00f3nico <strong>ds_farmaciasanches@live.com.pt<\/strong>, demonstrando, de forma clara e inequ\u00edvoca, essa pretens\u00e3o, podendo ainda retirar este consentimento na \u00e1rea reservada existente no site.<\/p>\n<p>\u00a0<\/p>\n<h3><strong>Seguran\u00e7a e Confidencialidade<\/strong><\/h3>\n<p>Empenhamo-nos em manter os seus dados pessoais seguros, pelo que aplicamos medidas t\u00e9cnicas e organizativas adequadas para assegurar um n\u00edvel de seguran\u00e7a adequado ao risco por manter em arquivo os seus dados pessoais.<\/p>\n<p>No entanto, a transmiss\u00e3o de informa\u00e7\u00e3o atrav\u00e9s da Internet n\u00e3o \u00e9 completamente segura, e n\u00e3o podemos garantir a absoluta seguran\u00e7a da informa\u00e7\u00e3o transmitida atrav\u00e9s do nosso site, nomeadamente pela utiliza\u00e7\u00e3o de redes p\u00fablicas na transmiss\u00e3o dos dados.<\/p>\n<p>Respeitamos tamb\u00e9m a confidencialidade da sua informa\u00e7\u00e3o. Como tal, n\u00e3o vendemos, distribu\u00edmos ou de qualquer outro modo disponibilizamos comercialmente a sua informa\u00e7\u00e3o a qualquer terceiro.<\/p>\n<p>Face ao exposto, a <strong>Farm\u00e1cia Sanches<\/strong> assume o compromisso de manter a sua informa\u00e7\u00e3o confidencial, de acordo com esta Pol\u00edtica de Privacidade e legisla\u00e7\u00e3o aplic\u00e1vel.<\/p>\n<p>\u00a0<\/p>\n<h3><strong>D\u00favidas e Exerc\u00edcio de Direitos<\/strong><\/h3>\n<p>Se permanecer com alguma d\u00favida relativamente ao tratamento dos seus dados pessoais, ou pretender exercer algum dos seus direitos, por favor contacte-nos atrav\u00e9s de:<\/p>\n<p><strong>ds_farmaciasanches@live.com.pt<\/strong> Morada: Av. Marqu\u00eas de Pombal, 420, Lote 7, 2410-152 Leiria, Portugal.<\/p>\n<p>Por favor, tenha em considera\u00e7\u00e3o que, ocasionalmente, a <strong>Farm\u00e1cia Sanches<\/strong> atualizar\u00e1 esta Pol\u00edtica de Privacidade, pelo que aconselhamos que a reveja periodicamente para se manter atualizado.<\/p>\n<p>\u00a0<\/p>\n<p>\u00daltima atualiza\u00e7\u00e3o a 06 de abril de 2026<\/p>\t\t\t\t\t\t\t\t<\/div>\n\t\t\t\t\t<\/div>\n\t\t\t\t<\/div>\n\t\t\t\t<\/div>","protected":false},"excerpt":{"rendered":"<p>Privacidade A prote\u00e7\u00e3o dos seus dados pessoais \u00e9 uma prioridade para a Maria Nat\u00e1lia Pereira Valinha, Lda., pelo que, ao abrigo do Regulamento n.\u00ba 2016\/679 do Parlamento Europeu e do Conselho, de 27 de abril de 2016 (Regulamento Geral sobre a Prote\u00e7\u00e3o de Dados Pessoais), temos o prazer de comunicar a nossa Pol\u00edtica de Privacidade, [&hellip;]<\/p>\n","protected":false},"author":1,"featured_media":0,"parent":0,"menu_order":0,"comment_status":"closed","ping_status":"closed","template":"","meta":{"footnotes":""},"class_list":["post-3","page","type-page","status-publish","hentry"],"_links":{"self":[{"href":"https:\/\/farmasiasanches.wiseweb.pt\/en\/wp-json\/wp\/v2\/pages\/3","targetHints":{"allow":["GET"]}}],"collection":[{"href":"https:\/\/farmasiasanches.wiseweb.pt\/en\/wp-json\/wp\/v2\/pages"}],"about":[{"href":"https:\/\/farmasiasanches.wiseweb.pt\/en\/wp-json\/wp\/v2\/types\/page"}],"author":[{"embeddable":true,"href":"https:\/\/farmasiasanches.wiseweb.pt\/en\/wp-json\/wp\/v2\/users\/1"}],"replies":[{"embeddable":true,"href":"https:\/\/farmasiasanches.wiseweb.pt\/en\/wp-json\/wp\/v2\/comments?post=3"}],"version-history":[{"count":7,"href":"https:\/\/farmasiasanches.wiseweb.pt\/en\/wp-json\/wp\/v2\/pages\/3\/revisions"}],"predecessor-version":[{"id":31,"href":"https:\/\/farmasiasanches.wiseweb.pt\/en\/wp-json\/wp\/v2\/pages\/3\/revisions\/31"}],"wp:attachment":[{"href":"https:\/\/farmasiasanches.wiseweb.pt\/en\/wp-json\/wp\/v2\/media?parent=3"}],"curies":[{"name":"wp","href":"https:\/\/api.w.org\/{rel}","templated":true}]}}